{"id":1688,"date":"2020-08-17T23:10:06","date_gmt":"2020-08-17T20:10:06","guid":{"rendered":"https:\/\/travibest.ee\/?page_id=1688"},"modified":"2020-08-17T23:10:06","modified_gmt":"2020-08-17T20:10:06","slug":"%d1%83%d1%81%d0%bb%d0%be%d0%b2%d0%b8%d1%8f-%d0%bf%d1%83%d1%82%d0%b5%d1%88%d0%b5%d1%81%d1%82%d0%b2%d0%b8%d1%8f","status":"publish","type":"page","link":"https:\/\/travibest.ee\/ru\/%d1%83%d1%81%d0%bb%d0%be%d0%b2%d0%b8%d1%8f-%d0%bf%d1%83%d1%82%d0%b5%d1%88%d0%b5%d1%81%d1%82%d0%b2%d0%b8%d1%8f\/","title":{"rendered":"\u0423\u0441\u043b\u043e\u0432\u0438\u044f \u043f\u0443\u0442\u0435\u0448\u0435\u0441\u0442\u0432\u0438\u044f"},"content":{"rendered":"<div class='clear'><\/div><div id='sub_menu1'  class='av-submenu-container main_color  avia-builder-el-0  el_before_av_section  avia-builder-el-first  av-sticky-submenu  container_wrap sidebar_right' style='  z-index:301' ><div class='container av-menu-mobile-disabled '><ul id=\"menu-main-menu-russian\" class=\"av-subnav-menu av-submenu-pos-center\"><li id=\"menu-item-1749\" class=\"menu-item menu-item-type-post_type menu-item-object-page menu-item-top-level menu-item-top-level-1\"><a href=\"https:\/\/travibest.ee\/ru\/puhkusereisid\/\" itemprop=\"url\"><span class=\"avia-bullet\"><\/span><span class=\"avia-menu-text\">\u041d\u0430\u043f\u0440\u0430\u0432\u043b\u0435\u043d\u0438\u044f<\/span><span class=\"avia-menu-fx\"><span class=\"avia-arrow-wrap\"><span class=\"avia-arrow\"><\/span><\/span><\/span><\/a><\/li>\n<li id=\"menu-item-1732\" class=\"menu-item menu-item-type-post_type menu-item-object-page menu-item-top-level menu-item-top-level-2\"><a href=\"https:\/\/travibest.ee\/ru\/%d0%b7%d0%b0%d0%bf%d1%80%d0%be%d1%81-%d1%86%d0%b5%d0%bd%d1%8b\/\" itemprop=\"url\"><span class=\"avia-bullet\"><\/span><span class=\"avia-menu-text\">\u0417\u0430\u043f\u0440\u043e\u0441 \u0446\u0435\u043d\u044b<\/span><span class=\"avia-menu-fx\"><span class=\"avia-arrow-wrap\"><span class=\"avia-arrow\"><\/span><\/span><\/span><\/a><\/li>\n<li id=\"menu-item-1733\" class=\"menu-item menu-item-type-post_type menu-item-object-page menu-item-top-level menu-item-top-level-3\"><a href=\"https:\/\/travibest.ee\/ru\/%d1%81%d1%82%d1%80%d0%b0%d1%85%d0%be%d0%b2%d0%b0%d0%bd%d0%b8%d0%b5\/\" itemprop=\"url\"><span class=\"avia-bullet\"><\/span><span class=\"avia-menu-text\">\u0421\u0442\u0440\u0430\u0445\u043e\u0432\u0430\u043d\u0438\u0435<\/span><span class=\"avia-menu-fx\"><span class=\"avia-arrow-wrap\"><span class=\"avia-arrow\"><\/span><\/span><\/span><\/a><\/li>\n<li id=\"menu-item-1738\" class=\"menu-item menu-item-type-post_type menu-item-object-page menu-item-top-level menu-item-top-level-4\"><a href=\"https:\/\/travibest.ee\/ru\/%d0%ba%d0%be%d0%bd%d1%82%d0%b0%d0%ba%d1%82%d1%8b\/\" itemprop=\"url\"><span class=\"avia-bullet\"><\/span><span class=\"avia-menu-text\">\u041a\u043e\u043d\u0442\u0430\u043a\u0442\u044b<\/span><span class=\"avia-menu-fx\"><span class=\"avia-arrow-wrap\"><span class=\"avia-arrow\"><\/span><\/span><\/span><\/a><\/li>\n<\/ul><\/div><\/div><div class='sticky_placeholder'><\/div>\n<div id='av_section_1'  class='avia-section main_color avia-section-small avia-no-border-styling avia-bg-style-scroll  avia-builder-el-1  el_after_av_submenu  el_before_av_section   av-arrow-down-section av-minimum-height av-minimum-height-custom  container_wrap sidebar_right' style='background-color: #4ecac2;  '  ><div class='container' style='height:100px'><div class='template-page content  av-content-small alpha units'><div class='post-entry post-entry-type-page post-entry-1688'><div class='entry-content-wrapper clearfix'>\n<div  style='padding-bottom:10px; color:#ffffff;' class='av-special-heading av-special-heading-h1 custom-color-heading blockquote modern-quote  avia-builder-el-2  avia-builder-el-no-sibling  '><h1 class='av-special-heading-tag '  itemprop=\"headline\"  >Reisitingimused<\/h1><div class='special-heading-border'><div class='special-heading-inner-border' style='border-color:#ffffff'><\/div><\/div><\/div>\n\n<\/div><\/div><\/div><!-- close content main div --><\/div><div class='av-extra-border-element border-extra-arrow-down'><div class='av-extra-border-outer'><div class='av-extra-border-inner'  style='background-color:#4ecac2;' ><\/div><\/div><\/div><\/div><div id='av_section_2'  class='avia-section main_color avia-section-large avia-no-border-styling avia-bg-style-scroll  avia-builder-el-3  el_after_av_section  avia-builder-el-last   av-arrow-down-section container_wrap sidebar_right' style=' '  ><div class='container' ><div class='template-page content  av-content-small alpha units'><div class='post-entry post-entry-type-page post-entry-1688'><div class='entry-content-wrapper clearfix'>\n<div class=\"flex_column av_one_full  flex_column_div first  avia-builder-el-4  avia-builder-el-no-sibling  \" ><section class=\"av_textblock_section \"  itemscope=\"itemscope\" itemtype=\"https:\/\/schema.org\/CreativeWork\" ><div class='avia_textblock  '   itemprop=\"text\" ><p><strong>NB! Kliendikohustus:<\/strong><\/p>\n<p>Piletitel m\u00e4rgitud lennuajad v\u00f5ivad muutuda! Palume kontrollida v\u00e4ljalennuaegu 24 h enne reisi algust Reisib\u00fcroo Travibest O\u00dc kontorist telefonil <a href=\"tel:+3726788688\">+372 678 8688<\/a>, kodulehel <a href=\"https:\/\/travibest.ee\">www.travibest.ee<\/a> v\u00f5i Tallinna Lennujaama infotelefonilt <a href=\"tel:+3726058888\">+372 605 8888<\/a>, ametlikul kodulehel <a href=\"https:\/\/www.tallinn-airport.ee\/lennuinfo\/reaalaja-lennuinfo\/\" target=\"_blank\" rel=\"noopener noreferrer\">https:\/\/www.tallinn-airport.ee\/lennuinfo\/reaalaja-lennuinfo\/<\/a><\/p>\n<blockquote>\n<p>Lugupeetud kliendid!<br \/>\nTutvuge palun allj\u00e4rgneva informatsiooniga, et v\u00e4ltida edaspidiseid segadusi reisi ajal!<br \/>\nSiin saate tutvuda reisitingimustega ja reisipakettide m\u00fc\u00fcgitingimustega.<\/p>\n<\/blockquote>\n<hr \/>\n<h3><\/h3>\n<h3>REISIB\u00dcROO TRAVIBEST VASTUTUSE PIIRID JA REISITEENUSTE M\u00dc\u00dcGITINGIMUSED<\/h3>\n<hr \/>\n<h4>1. DOKUMENTIDE \u00d5IGSUS<\/h4>\n<p>Peale reisidokumentide k\u00e4ttesaamist kontrollige viivitamatult, kas k\u00f5ik vajalikud dokumendid on olemas ning kas k\u00f5ikides dokumentides ja viisades on \u00f5iged kuup\u00e4evad, nimed ja hinnad. Klient on kohustatud ka omalt poolt kontrollima reisi broneerides, kas k\u00f5ik tingimused on k\u00e4tte toimetatud ja k\u00f5ik lepingud ning tingimused aru saadavad. K\u00f5ikidest puudustest peab reisija\/tellija teatama viivitamatult oma reisikonsultandile (tema puudumisel reisib\u00fcroo vastutavale esindajale). Peale reisi algust esitatud kaebused dokumentide korrasoleku kohta rahuldatakse ainult antud hetkel olemasolevate v\u00f5imaluste piires.<\/p>\n<h4>2. TELLIMUSTE MUUTMINE V\u00d5I T\u00dcHISTAMINE<\/h4>\n<p>Igal transpordiettev\u00f5ttel, reisikorraldajal ning hotellil on oma reeglid tellimuste muutmise ja t\u00fchistamise kohta. REISIB\u00dcROO TRAVIBEST O\u00dc on nimetatud ettev\u00f5tete m\u00fc\u00fcgiagent ning j\u00e4lgib nendepoolseid ettekirjutusi t\u00e4pselt samades piirides, nagu ettev\u00f5tted ise otse kliendiga suheldes teeksid. Tellimuse muutmisel v\u00f5i t\u00fchistamisel REISIB\u00dcROO TRAVIBEST O\u00dc on \u00f5igus kasseerida reisijalt t\u00fchistamistrahv 55 eur lisaks veel reisikorraldaja poolt s\u00e4testatud trahvile..<\/p>\n<p>Enamlevinud situatsioonid on j\u00e4rgmised:<\/p>\n<h5>2.1. LAEVAPILETI MUUTMINE\/T\u00dcHISTAMINE<\/h5>\n<p>Tingimused vastavalt tekstile ja tingimustele laevapileti p\u00f6\u00f6rdel. Kuup\u00e4eva muutused on reeglina v\u00f5imalikud lisatasu eest. Peale reisikuup\u00e4eva m\u00f6\u00f6dumist ei ole laevapiletit enam v\u00f5imalik tagasi m\u00fc\u00fca. Grupitellimuste puhul peab ettemaks olema sooritatud tellimuse kinnitamise hetkeks. Grupitellimuse t\u00fchistamisel alla 30 p. enne v\u00e4ljas\u00f5itu kasseeritakse t\u00fchistamistrahv ka siis, kui piletid ei ole veel v\u00e4lja kirjutatud.<\/p>\n<h5>2.2. HOTELLITELLIMUSTE MUUTMINE JA T\u00dcHISTAMINE<\/h5>\n<p>Kui hotellitellimus, mida Te ei kavatse kasutada, ei ole t\u00fchistatud hiljemalt 3 t\u00f6\u00f6p\u00e4eva enne hotelli saabumist\u00e4htaega, on REISIB\u00dcROO TRAVIBEST O\u00dc \u00f5igus kasseerida reisijalt 100% majutuse maksumusest. Grupitellimuse (alates 10 in) muutmine loetakse t\u00fchistamiseks. Kusjuures sellega kaasnevad trahvid, kui majutuse alguseni on j\u00e4\u00e4nud v\u00e4hem kui 30 p\u00e4eva.<\/p>\n<h5>2.3 PAKETIREISIDE MUUTMINE JA T\u00dcHISTAMINE<\/h5>\n<p>Valmiskujul m\u00fc\u00fcdavaid paketireise ei saa reeglina t\u00fchistada peale tellimuse kinnitamist ilma trahvita. Mida l\u00e4hemal v\u00e4ljas\u00f5idup\u00e4evale toimub t\u00fchistamine, seda suurem on trahv, ning v\u00f5ib ulatuda kuni 100% reisi maksumusest. Enne tellimist tutvuge hoolikalt reisitingimustega kataloogi l\u00f5pus, vajaduse korral n\u00f5udke suulist v\u00f5i kirjalikku t\u00f5lget. V\u00e4ltige nende reisikorraldajate toodete ostmist, kes ei ole oma reisitingimusi tr\u00fckitud kujul avaldanud.<\/p>\n<h4>3. KOHTADE KINNITAMINE TAGASILENNULE<\/h4>\n<p>K\u00f5ik lennud v\u00e4ljaspool Euroopat (ning grupitellimused s\u00f5ltumata sihtpunktist) kuuluvad kohustusliku kinnitamise alla hiljemalt 72 tundi enne tagasilendu. Selle n\u00f5ude ignoreerimise korral v\u00f5ib lennukompanii t\u00fchistada Teie kohad, mis algselt olid kinnitatud. Kohtade kinnitamiseks helistage (sihtpunktis viibides) antud lennukompanii l\u00e4himasse esindusse.<\/p>\n<h4>4. REISILEPINGU S\u00d5LMIMINE JA REISPAKETI EEST TASUMISE KORD<\/h4>\n<p>Reisilepingu s\u00f5lmimisel on Reisija kohustatud informeerima Reisikorraldajat Reisija isiku v\u00f5i soovidega seotud erip\u00e4radest, mis v\u00f5ivad raskendada, takistada v\u00f5i muuta v\u00f5imatuks reisil osalemise kavandatud moel (s.h. esitada kehtivad reisidokumendid, andmed viisa(de) vajalikkuse, reisikindlustuste s\u00f5lmimise, koduloomade kaasav\u00f5tmise jms. kohta). Reisikorraldaja ei vastuta Reisija informeerimiskohustuse t\u00e4itmataj\u00e4tmisest tekkivate kahjude h\u00fcvitamise eest.<\/p>\n<h4>5. VIISATEENUSED<\/h4>\n<p>Kui tellimus sisaldab viisataotlust, juhime t\u00e4helepanu sellele, et REISIB\u00dcROO TRAVIBEST O\u00dc ei saa v\u00f5tta endale mingit vastutust viisa v\u00e4ljastamise eest: see on v\u00e4lisriigi saatkonna p\u00e4devuses. Juhul, kui klient soovib saada viisat nimetatud t\u00e4htaegadest kiiremini, on v\u00f5imalik tellida kiirteenus vastavalt REISIB\u00dcROO TRAVIBEST O\u00dc hinnakirjale. Seejuures palume silmas pidada, et viisa kiirem vormistamine s\u00f5ltub t\u00e4ielikult saatkonnat\u00f6\u00f6tajate vastutulelikkusest. Kliendi loobumisel viisataotlusest enne dokumentide saatkonda viimist, tagastatakse 70% vormistamise teenustasust ja viisamaks.Kui saatkond ei v\u00e4ljasta kliendile viisat v\u00f5i kui klient loobub viisataotlusest peale dokumentide saatkonda viimist, siis tagasimaksu ei toimu.<\/p>\n<h4>6. KINDLUSTUS<\/h4>\n<p>Teie reisi katkemise v\u00f5i \u00e4raj\u00e4\u00e4mise, pagasi kadumise ning terviseh\u00e4irete ja\/v\u00f5i \u00f5nnetusjuhtumite korral ei kompenseeri ei reisikorraldaja, transpordiettev\u00f5te ega reisib\u00fcroo \u00fchtegi Teie lisakulutust. Ainus v\u00f5imalus end selliste ebameeldivuste eest kaitsta, on osta koos reisi v\u00f5i piletitega ka reisikindlustuse poliis. Teie reisikonsultant on volitatud Teile soovitama, milline kindlustusliik Teie reisi jaoks sobiks ning milline kindlustusfirma on piisavalt usaldusv\u00e4\u00e4rne. Juhul, kui reisija\/klient ei soovi kindlustust osta, v\u00f5tab ta endale kogu materiaalse vastutuse k\u00f5ikide reisiga seotud juhtumite otseste ja kaudsete tagaj\u00e4rgede eest. Reisib\u00fcroo poolt m\u00fc\u00fcdavad teenused ei sisalda kunagi kindlustust teenuse v\u00f5i selle hinna osana, kui seda pole eraldi selgelt v\u00e4lja toodud. Reisijal ei ole \u00f5igust n\u00f5uda REISIB\u00dcROO TRAVIBEST O\u00dc kompensatsiooni oma etten\u00e4gematute kulude katteks, kui nende kulude otsene ja vahetu tekitaja ning p\u00f5hjustaja ei olnud REISIB\u00dcROO TRAVIBEST O\u00dc. See kehtib ka juhul, kui Reisib\u00fcroo ei ole eraldi pakkunud kliendile\/reisijale kindlustuse ostmist muude m\u00fc\u00fcdud teenuste juurde, ega selgitanud v\u00f5imalikke tagaj\u00e4rgi kindlustuse puudumisest.<\/p>\n<h4>7. REISIB\u00dcROO VASTUTUS<\/h4>\n<p>REISIB\u00dcROO TRAVIBEST O\u00dc ei ole \u00fchegi tema poolt m\u00fc\u00fcdava teenuse otsene osutaja vaid ainult volitatud edasim\u00fc\u00fcja. Seega ei ole Reisib\u00fcroo v\u00f5imuses vastutada teenuste tegeliku osutaja (lennukompanii, laevafirma, hotelli reisikorraldaja, autorendifirma jne) teenuste kvaliteedi ja kvantiteedi eest. Kui Te ei ole rahul osutatava teenusega v\u00f5i ei vasta teenus Teile kaasa antud dokumentidele, peate Te k\u00f5igepealt alati oma kaebuse viivitamatult esitama otse teenuse esitajale kohapeal. Reeglina lahendatakse sellisel juhul situatsioon Reisija kasuks. Kui Teie kaebusele ei reageerita v\u00f5i keeldutakse n\u00f5utavat teenust osutamast, peate Te hiljemalt 10 p\u00e4eva jooksul peale tagasip\u00f6\u00f6rdumist esitama kirjaliku avalduse oma reisikonsultandile, adresseerituna REISIB\u00dcROO TRAVIBEST O\u00dc) M\u00fc\u00fcgijuhile. Suulisi kaebusi ei ole Reisib\u00fcroo kahjuks v\u00f5imeline t\u00f6\u00f6tlema ega edastama. Kirjalikule kaebusele peab Reisija lisama kviitungite originaalid nende otseselt p\u00f5hjendatud lisakulutuste kohta, mille eest ta soovib saada kompensatsiooni Reisib\u00fcroo k\u00e4est v\u00f5i kaudu. Rahalised n\u00f5uded, mis ei ole seotud otseste ja kviteeritud v\u00e4ljaminekutega (moraalne kahju, n\u00e4rvikulu, ajakulu jms) ei kuulu kahjuks kompenseerimisele ei Reisib\u00fcroo ega \u00fchegi muu firma poolt. REISIB\u00dcROO TRAVIBEST O\u00dc juhib Teie t\u00e4helepanu, et enne reisi tuleb kindlasti \u00fcle kontrollida passi kehtivusaeg ja selle sihtriiki sisenemise korra tingimustele vastavust. T\u0161arter \u2013 v\u00f5i liinireisile ainult lennupileti ostnud klient peab kindlasti ise kontrollima lennuaegu 24 h jooksul enne v\u00e4ljalendureisikorraldaja\/reisib\u00fcroo v\u00f5i lennujaama (s\u00f5ltuvalt, kelle vahendusel piletid osteti) kodulehel. Samuti tuleb 24 h jooksul enne v\u00e4ljalendu kontrollida tagasilennu aegu sihtkohas reisiesindajalt\/reisikorraldalt v\u00f5i lennufirmalt\/lennujaamast, kelle vahendusel piletid osteti. Reisib\u00fcroo ei vastuta selle, eest kui kliendid ei kontrolli v\u00e4ljalennuaega ja sellega kaasnevad kulutused (aeg,asenduslend, moraalne kahju).<\/p>\n<p>Tingimuseks v\u00f5ib olla passikehtivusaeg kuni 6 kuud, asjakohast informatsiooni v\u00f5ib klient saada oma reisikonsultandilt. REISIB\u00dcROO TRAVIBEST O\u00dc ei vastuta reisi \u00e4raj\u00e4\u00e4mise eest, mis on tingitud asjaolust, et kliendi passi kehtivusaeg on l\u00fchem.<\/p>\n<h4>8. TARBIJAKAITSE<\/h4>\n<p>Eesti Vabariigi Tarbijakaitseseadus n\u00f5uab ostja ja m\u00fc\u00fcja vahelist lepingut iga m\u00fc\u00fcgitehingu kohta. REISIB\u00dcROO TRAVIBEST O\u00dc) teenuseid kasutav klient\/reisija on seotud j\u00e4rgmiste lepingutega:<\/p>\n<p><a href=\"https:\/\/www.kidytour.ee\/klientidele\/reisitingimused\/\" target=\"_blank\" rel=\"noopener noreferrer\">Kidy Tour O\u00dc reisitingimused<\/a><br \/>\n<a href=\"https:\/\/www.tez-tour.com\/et\/tallinn\/article.html?id=50002155\" target=\"_blank\" rel=\"noopener noreferrer\">Tez Tour O\u00dc reisitingimused<\/a><br \/>\n<a href=\"https:\/\/www.novatours.ee\/reisitingimused\" target=\"_blank\" rel=\"noopener noreferrer\">Novatours O\u00dc reisitingimused<\/a><br \/>\n<a href=\"https:\/\/www.tui.ee\/tourist-services\/\" target=\"_blank\" rel=\"noopener noreferrer\">Tui Baltics Sia reisitingimused<\/a><\/p>\n<h5>8.1. TRANSPORDIPILET<\/h5>\n<p>kujutab endast lepingut vedaja (transpordiettev\u00f5tte) ja reisija vahel. Lepingu tingimused on esitatud peene tekstiga pileti tagak\u00fcljel v\u00f5i vahelehtedel. Ostes pileti, aktsepteerib reisija automaatselt need tingimused. Reisijapoolset allkirja ei ole vaja.<\/p>\n<h5>8.2. K\u00c4ESOLEV DOKUMENT<\/h5>\n<p>mis on vastavalt olukorrale kas pakkumine, kinnitus v\u00f5i arve, kujutab endast rahvusvaheliselt levinud praktika kohaselt lepingut reisib\u00fcroo ja kliendi\/reisija vahel. Lepingu objektiks on k\u00f5ik p\u00f6\u00f6rdel loetletud teenused (sh ka transpordipiletid, mis kuuluvad seega kahekordse lepingu alla). Tellimuse tarbijapoolne aktsepteerimine ja\/v\u00f5i kinnitamine kirjalikult v\u00f5i suuliselt, samuti aga osalise v\u00f5i kogu summa tasumine reisib\u00fcroole on v\u00f5rdsustatud kliendi\/reisija poolse allakirjutamisega lepingule. F\u00fc\u00fcsiline allakirjutamine ei ole seejuures vajalik. Tellimuse esitamine ja\/v\u00f5i maksmine (kumb enne toimub) t\u00e4hendab seega Teiepoolset n\u00f5ustumist k\u00f5ikide k\u00e4esoleva dokumendi m\u00f5lemal poolel esitatud tingimuste ja informatsiooniga, samuti aga kogu muu sama tellimuse kohta k\u00e4iva informatsiooni v\u00f5i tingimustega, mida Teie reisikonsultant on Teile teatanud kas suuliselt v\u00f5i kirjalikult, v\u00f5i mida Teil oleks v\u00f5imalus olnud oma reisikonsultandi k\u00e4est n\u00f5uda enne tellimuse l\u00f5plikku kinnitamist.<\/p>\n<p><strong>Reisitingimused reisikorraldajate l\u00f5ikes:<\/strong><\/p>\n<p><a href=\"https:\/\/www.kidytour.ee\/klientidele\/reisitingimused\/\" target=\"_blank\" rel=\"noopener noreferrer\">Kidy Tour O\u00dc reisitingimused<\/a><br \/>\n<a href=\"https:\/\/www.tez-tour.com\/et\/tallinn\/article.html?id=50002155\" target=\"_blank\" rel=\"noopener noreferrer\">Tez Tour O\u00dc reisitingimused<\/a><br \/>\n<a href=\"https:\/\/www.novatours.ee\/reisitingimused\" target=\"_blank\" rel=\"noopener noreferrer\">Novatours O\u00dc reisitingimused<\/a><br \/>\n<a href=\"https:\/\/www.tui.ee\/tourist-services\/\" target=\"_blank\" rel=\"noopener noreferrer\">Tui Baltics Sia reisitingimused<\/a><\/p>\n<\/div><\/section><\/div><\/div><\/div><\/div><!-- close content main div --><\/div><div class='av-extra-border-element border-extra-arrow-down'><div class='av-extra-border-outer'><div class='av-extra-border-inner'  style='background-color:#ffffff;' ><\/div><\/div><\/div><\/div><div id='after_section_2'  class='main_color av_default_container_wrap container_wrap sidebar_right' style=' '  ><div class='container' ><div class='template-page content  av-content-small alpha units'><div class='post-entry post-entry-type-page post-entry-1688'><div class='entry-content-wrapper clearfix'>\n","protected":false},"excerpt":{"rendered":"","protected":false},"author":2,"featured_media":0,"parent":0,"menu_order":0,"comment_status":"closed","ping_status":"closed","template":"","meta":{"footnotes":""},"class_list":["post-1688","page","type-page","status-publish","hentry"],"yoast_head":"<!-- This site is optimized with the Yoast SEO plugin v25.5 - https:\/\/yoast.com\/wordpress\/plugins\/seo\/ -->\n<title>\u0423\u0441\u043b\u043e\u0432\u0438\u044f \u043f\u0443\u0442\u0435\u0448\u0435\u0441\u0442\u0432\u0438\u044f - Reisib\u00fcroo Travibest O\u00dc<\/title>\n<meta name=\"robots\" content=\"index, follow, max-snippet:-1, max-image-preview:large, max-video-preview:-1\" \/>\n<link rel=\"canonical\" href=\"https:\/\/travibest.ee\/ru\/%d1%83%d1%81%d0%bb%d0%be%d0%b2%d0%b8%d1%8f-%d0%bf%d1%83%d1%82%d0%b5%d1%88%d0%b5%d1%81%d1%82%d0%b2%d0%b8%d1%8f\/\" \/>\n<meta property=\"og:locale\" content=\"ru_RU\" \/>\n<meta property=\"og:type\" content=\"article\" \/>\n<meta property=\"og:title\" content=\"\u0423\u0441\u043b\u043e\u0432\u0438\u044f \u043f\u0443\u0442\u0435\u0448\u0435\u0441\u0442\u0432\u0438\u044f - Reisib\u00fcroo Travibest O\u00dc\" \/>\n<meta property=\"og:url\" content=\"https:\/\/travibest.ee\/ru\/%d1%83%d1%81%d0%bb%d0%be%d0%b2%d0%b8%d1%8f-%d0%bf%d1%83%d1%82%d0%b5%d1%88%d0%b5%d1%81%d1%82%d0%b2%d0%b8%d1%8f\/\" \/>\n<meta property=\"og:site_name\" content=\"Reisib\u00fcroo Travibest O\u00dc\" \/>\n<meta name=\"twitter:card\" content=\"summary_large_image\" \/>\n<meta name=\"twitter:label1\" content=\"Est. reading time\" \/>\n\t<meta name=\"twitter:data1\" content=\"9 minutes\" \/>\n<script type=\"application\/ld+json\" class=\"yoast-schema-graph\">{\"@context\":\"https:\/\/schema.org\",\"@graph\":[{\"@type\":\"WebPage\",\"@id\":\"https:\/\/travibest.ee\/ru\/%d1%83%d1%81%d0%bb%d0%be%d0%b2%d0%b8%d1%8f-%d0%bf%d1%83%d1%82%d0%b5%d1%88%d0%b5%d1%81%d1%82%d0%b2%d0%b8%d1%8f\/\",\"url\":\"https:\/\/travibest.ee\/ru\/%d1%83%d1%81%d0%bb%d0%be%d0%b2%d0%b8%d1%8f-%d0%bf%d1%83%d1%82%d0%b5%d1%88%d0%b5%d1%81%d1%82%d0%b2%d0%b8%d1%8f\/\",\"name\":\"\u0423\u0441\u043b\u043e\u0432\u0438\u044f \u043f\u0443\u0442\u0435\u0448\u0435\u0441\u0442\u0432\u0438\u044f - Reisib\u00fcroo Travibest O\u00dc\",\"isPartOf\":{\"@id\":\"https:\/\/travibest.ee\/ru\/#website\"},\"datePublished\":\"2020-08-17T20:10:06+00:00\",\"breadcrumb\":{\"@id\":\"https:\/\/travibest.ee\/ru\/%d1%83%d1%81%d0%bb%d0%be%d0%b2%d0%b8%d1%8f-%d0%bf%d1%83%d1%82%d0%b5%d1%88%d0%b5%d1%81%d1%82%d0%b2%d0%b8%d1%8f\/#breadcrumb\"},\"inLanguage\":\"ru-RU\",\"potentialAction\":[{\"@type\":\"ReadAction\",\"target\":[\"https:\/\/travibest.ee\/ru\/%d1%83%d1%81%d0%bb%d0%be%d0%b2%d0%b8%d1%8f-%d0%bf%d1%83%d1%82%d0%b5%d1%88%d0%b5%d1%81%d1%82%d0%b2%d0%b8%d1%8f\/\"]}]},{\"@type\":\"BreadcrumbList\",\"@id\":\"https:\/\/travibest.ee\/ru\/%d1%83%d1%81%d0%bb%d0%be%d0%b2%d0%b8%d1%8f-%d0%bf%d1%83%d1%82%d0%b5%d1%88%d0%b5%d1%81%d1%82%d0%b2%d0%b8%d1%8f\/#breadcrumb\",\"itemListElement\":[{\"@type\":\"ListItem\",\"position\":1,\"name\":\"Home\",\"item\":\"https:\/\/travibest.ee\/ru\/avaleht\/\"},{\"@type\":\"ListItem\",\"position\":2,\"name\":\"\u0423\u0441\u043b\u043e\u0432\u0438\u044f \u043f\u0443\u0442\u0435\u0448\u0435\u0441\u0442\u0432\u0438\u044f\"}]},{\"@type\":\"WebSite\",\"@id\":\"https:\/\/travibest.ee\/ru\/#website\",\"url\":\"https:\/\/travibest.ee\/ru\/\",\"name\":\"Reisib\u00fcroo Travibest O\u00dc\",\"description\":\"Puhkusereisid, lennupiletid, reisipakkumised\",\"potentialAction\":[{\"@type\":\"SearchAction\",\"target\":{\"@type\":\"EntryPoint\",\"urlTemplate\":\"https:\/\/travibest.ee\/ru\/?s={search_term_string}\"},\"query-input\":{\"@type\":\"PropertyValueSpecification\",\"valueRequired\":true,\"valueName\":\"search_term_string\"}}],\"inLanguage\":\"ru-RU\"}]}<\/script>\n<!-- \/ Yoast SEO plugin. -->","yoast_head_json":{"title":"\u0423\u0441\u043b\u043e\u0432\u0438\u044f \u043f\u0443\u0442\u0435\u0448\u0435\u0441\u0442\u0432\u0438\u044f - Reisib\u00fcroo Travibest O\u00dc","robots":{"index":"index","follow":"follow","max-snippet":"max-snippet:-1","max-image-preview":"max-image-preview:large","max-video-preview":"max-video-preview:-1"},"canonical":"https:\/\/travibest.ee\/ru\/%d1%83%d1%81%d0%bb%d0%be%d0%b2%d0%b8%d1%8f-%d0%bf%d1%83%d1%82%d0%b5%d1%88%d0%b5%d1%81%d1%82%d0%b2%d0%b8%d1%8f\/","og_locale":"ru_RU","og_type":"article","og_title":"\u0423\u0441\u043b\u043e\u0432\u0438\u044f \u043f\u0443\u0442\u0435\u0448\u0435\u0441\u0442\u0432\u0438\u044f - Reisib\u00fcroo Travibest O\u00dc","og_url":"https:\/\/travibest.ee\/ru\/%d1%83%d1%81%d0%bb%d0%be%d0%b2%d0%b8%d1%8f-%d0%bf%d1%83%d1%82%d0%b5%d1%88%d0%b5%d1%81%d1%82%d0%b2%d0%b8%d1%8f\/","og_site_name":"Reisib\u00fcroo Travibest O\u00dc","twitter_card":"summary_large_image","twitter_misc":{"Est. reading time":"9 minutes"},"schema":{"@context":"https:\/\/schema.org","@graph":[{"@type":"WebPage","@id":"https:\/\/travibest.ee\/ru\/%d1%83%d1%81%d0%bb%d0%be%d0%b2%d0%b8%d1%8f-%d0%bf%d1%83%d1%82%d0%b5%d1%88%d0%b5%d1%81%d1%82%d0%b2%d0%b8%d1%8f\/","url":"https:\/\/travibest.ee\/ru\/%d1%83%d1%81%d0%bb%d0%be%d0%b2%d0%b8%d1%8f-%d0%bf%d1%83%d1%82%d0%b5%d1%88%d0%b5%d1%81%d1%82%d0%b2%d0%b8%d1%8f\/","name":"\u0423\u0441\u043b\u043e\u0432\u0438\u044f \u043f\u0443\u0442\u0435\u0448\u0435\u0441\u0442\u0432\u0438\u044f - Reisib\u00fcroo Travibest O\u00dc","isPartOf":{"@id":"https:\/\/travibest.ee\/ru\/#website"},"datePublished":"2020-08-17T20:10:06+00:00","breadcrumb":{"@id":"https:\/\/travibest.ee\/ru\/%d1%83%d1%81%d0%bb%d0%be%d0%b2%d0%b8%d1%8f-%d0%bf%d1%83%d1%82%d0%b5%d1%88%d0%b5%d1%81%d1%82%d0%b2%d0%b8%d1%8f\/#breadcrumb"},"inLanguage":"ru-RU","potentialAction":[{"@type":"ReadAction","target":["https:\/\/travibest.ee\/ru\/%d1%83%d1%81%d0%bb%d0%be%d0%b2%d0%b8%d1%8f-%d0%bf%d1%83%d1%82%d0%b5%d1%88%d0%b5%d1%81%d1%82%d0%b2%d0%b8%d1%8f\/"]}]},{"@type":"BreadcrumbList","@id":"https:\/\/travibest.ee\/ru\/%d1%83%d1%81%d0%bb%d0%be%d0%b2%d0%b8%d1%8f-%d0%bf%d1%83%d1%82%d0%b5%d1%88%d0%b5%d1%81%d1%82%d0%b2%d0%b8%d1%8f\/#breadcrumb","itemListElement":[{"@type":"ListItem","position":1,"name":"Home","item":"https:\/\/travibest.ee\/ru\/avaleht\/"},{"@type":"ListItem","position":2,"name":"\u0423\u0441\u043b\u043e\u0432\u0438\u044f \u043f\u0443\u0442\u0435\u0448\u0435\u0441\u0442\u0432\u0438\u044f"}]},{"@type":"WebSite","@id":"https:\/\/travibest.ee\/ru\/#website","url":"https:\/\/travibest.ee\/ru\/","name":"Reisib\u00fcroo Travibest O\u00dc","description":"Puhkusereisid, lennupiletid, reisipakkumised","potentialAction":[{"@type":"SearchAction","target":{"@type":"EntryPoint","urlTemplate":"https:\/\/travibest.ee\/ru\/?s={search_term_string}"},"query-input":{"@type":"PropertyValueSpecification","valueRequired":true,"valueName":"search_term_string"}}],"inLanguage":"ru-RU"}]}},"post_mailing_queue_ids":[],"_links":{"self":[{"href":"https:\/\/travibest.ee\/ru\/wp-json\/wp\/v2\/pages\/1688","targetHints":{"allow":["GET"]}}],"collection":[{"href":"https:\/\/travibest.ee\/ru\/wp-json\/wp\/v2\/pages"}],"about":[{"href":"https:\/\/travibest.ee\/ru\/wp-json\/wp\/v2\/types\/page"}],"author":[{"embeddable":true,"href":"https:\/\/travibest.ee\/ru\/wp-json\/wp\/v2\/users\/2"}],"replies":[{"embeddable":true,"href":"https:\/\/travibest.ee\/ru\/wp-json\/wp\/v2\/comments?post=1688"}],"version-history":[{"count":4,"href":"https:\/\/travibest.ee\/ru\/wp-json\/wp\/v2\/pages\/1688\/revisions"}],"predecessor-version":[{"id":2732,"href":"https:\/\/travibest.ee\/ru\/wp-json\/wp\/v2\/pages\/1688\/revisions\/2732"}],"wp:attachment":[{"href":"https:\/\/travibest.ee\/ru\/wp-json\/wp\/v2\/media?parent=1688"}],"curies":[{"name":"wp","href":"https:\/\/api.w.org\/{rel}","templated":true}]}}